{"id":9530,"date":"2021-04-15T19:02:40","date_gmt":"2021-04-15T19:02:40","guid":{"rendered":"https:\/\/www.mexxtremotours.com\/?post_type=product&#038;p=9530"},"modified":"2021-08-14T14:58:48","modified_gmt":"2021-08-14T14:58:48","slug":"buggy-tour-and-crystal-caves","status":"publish","type":"product","link":"https:\/\/www.mexxtremotours.com\/es\/tours-riviera-maya\/buggy-tour-and-crystal-caves\/","title":{"rendered":"BUGGY TOUR AND CRYSTAL CAVES"},"content":{"rendered":"<section class=\"wpb-content-wrapper\"><p>[vc_row enable_overlay=\u00bbenable_overlay_value\u00bb overlay_color=\u00bbrgba(255,255,255,0.56)\u00bb][vc_column][vc_custom_heading text=\u00bbBUGGY TOUR AND CRYSTAL CAVES\u00bb font_container=\u00bbtag:h1|font_size:40|text_align:left|color:%23063f11|line_height:1&#8243; google_fonts=\u00bbfont_family:Montserrat%3Aregular%2C700|font_style:700%20bold%20regular%3A700%3Anormal\u00bb][vc_column_text]<\/p>\n<h2 style=\"text-align: left; font-size: 25px; line-height: 1.5; font-weight: 400; font-family: Montserrat;\">LA EMOCI\u00d3N DEL BUGGY, DIVERSI\u00d3N Y AVENTURA EN EL MEDIO DE LA JUNGLA CARIBE\u00d1A . \u00bfLISTOS?<\/h2>\n<p>[\/vc_column_text]<div class='dt-sc-hr-invisible-xsmall '> <\/div>[vc_row_inner][vc_column_inner offset=\u00bbvc_hidden-lg\u00bb]<div class='dt-sc-toggle-group-set type2 '><div class=\"dt-sc-toggle-frame\">\t<h5 class='dt-sc-toggle'><a href='#'>DESCRIPCI\u00d3N<\/a><\/h5>\t<div class=\"dt-sc-toggle-content\" style=\"display: none;\">\t\t<div class=\"block\">Con el <strong>Tour de Buggy and Crystal Caves<\/strong> vas a tener una <strong>aventura inolvidable y disfrutar\u00e1s de toda la maravilla de la jungla de la Riviera Maya y sus f\u00e1ntasticos alrededores<\/strong>.<\/p>\n<p>Empezamos el recorrido en la selva sin tr\u00e1fico. Vive casi 1 hora 20 minutos de adrenalina recorriendo diferentes tipos de camino bien dise\u00f1ados. Las elevaciones y obst\u00e1culos son ideales para divertirse al manejar el buggy en la Riviera Maya.\nTerminado este recorrido, iniciaremos una <strong>caminata en una serie de cuevas interconectadas <\/strong><strong>conocidas como r\u00edos subterr\u00e1neos<\/strong>, que es una caracter\u00edstica de la Riviera Maya.Dentro de estas incre\u00edbles formaciones rocosas el gu\u00eda te dar\u00e1 un tour interesante con el equipo de seguridad adecuado. Atravesaremos aguas poco profundas y cuevas.Al final del camino llegaremos a la piscina natural de agua cristalina de un Cenote.\n<strong>Ser\u00e1s capaz de nadar y tomar tiempo para apreciar m\u00e1s estas estalactitas de colores y estalagmitas que la naturaleza cre\u00f3 y mantuvo durante miles de a\u00f1os.<\/strong>\nDespu\u00e9s del cenote, nuestro Tour de buggy &amp; Crystal Caves termina con tiempo libre comida.\nEl transporte desde Playa del Carmen a la base en la selva ser\u00e1 de 40 minutos aprox. de distancia para llegar a los Buggy. Nuestro gu\u00eda te dar\u00e1 toda la informaci\u00f3n sobre el tour y las instrucciones para conducir las motos.<\/p>\n<p>La transportaci\u00f3n y el pick up est\u00e1n incluidas para los hu\u00e9spedes de Playa del Carmen Centro y Playacar (de Av Juarez a Playacar). El punto de encuentro se ubica en Starbucks de Centro Maya. Nuestras vans te transportar\u00e1n hasta nuestra ubicaci\u00f3n sin costos adicionales. Si se requiere un pick up o una ubicaci\u00f3n diferente habr\u00e1 un cargo adicional.\t\t<\/div>\t<\/div><\/div><div class=\"dt-sc-toggle-frame\">\t<h5 class='dt-sc-toggle'><a href='#'>INCLUYE<\/a><\/h5>\t<div class=\"dt-sc-toggle-content\" style=\"display: none;\">\t\t<div class=\"block\">El Buggy Tour &amp; Crystal Caves incluye:<\/p>\n<ul>\n<li>Botella de agua durante el recorrido<\/li>\n<li>Gu\u00eda biling\u00fce (ingl\u00e9s y espa\u00f1ol)<\/li>\n<li>Entrada al parque y cavernas<\/li>\n<li>Equipo buggy: casco, gogles y bandana para polvo<\/li>\n<li>Equipo cavernas: casco, l\u00e1mpara, chaleco salvavidas y zapatos de agua<\/li>\n<li>Box lunch: bolsa de papas fritas, barra de granola y botella de agua<\/li>\n<\/ul>\t\t<\/div>\t<\/div><\/div><div class=\"dt-sc-toggle-frame\">\t<h5 class='dt-sc-toggle'><a href='#'>NO INCLUYE<\/a><\/h5>\t<div class=\"dt-sc-toggle-content\" style=\"display: none;\">\t\t<div class=\"block\">El Buggy Tour and Crystal Caves no incluye:<\/p>\n<ul>\n<li>Transportaci\u00f3n (5 a 20 usd dependiendo de la ubicaci\u00f3n)<\/li>\n<li>Seguro para Buggy (20 usd) (opcional)<\/li>\n<li>Cd de fotos (50 usd)<\/li>\n<li>Neopreno (10 usd)<\/li>\n<\/ul>\t\t<\/div>\t<\/div><\/div><div class=\"dt-sc-toggle-frame\">\t<h5 class='dt-sc-toggle'><a href='#'>TIPS<\/a><\/h5>\t<div class=\"dt-sc-toggle-content\" style=\"display: none;\">\t\t<div class=\"block\">Para nuestro Buggy Tour and Crystal Caves te recomendamos llevar:<\/p>\n<ul>\n<li>Traje de ba\u00f1o<\/li>\n<li>Ropa c\u00f3moda y un cambio<\/li>\n<li>Zapatos cerrados (trainer)<\/li>\n<li>Repelente<\/li>\n<li>Toalla<\/li>\n<li>Dinero extra<\/li>\n<li>GoPro con accesorios, manos libres<\/li>\n<\/ul>\t\t<\/div>\t<\/div><\/div><div class=\"dt-sc-toggle-frame\">\t<h5 class='dt-sc-toggle'><a href='#'>RESTRICCIONES<\/a><\/h5>\t<div class=\"dt-sc-toggle-content\" style=\"display: none;\">\t\t<div class=\"block\">Estas son nuestras poli\u00edticas de restricci\u00f3n para garantizar una experiencia segura:<\/p>\n<ul>\n<li>No se admiten mujeres embarazadas<\/li>\n<li>No se admiten personas con problemas respiratorios, marcapasos, diabetes, hipertensi\u00f3n, problemas de espalda \/ cuello, fracturas o cirugias recientes de cualquier tipo<\/li>\n<li>No se permite tocar estalctitas y estalagmitas ni recolectar piezas del r\u00edo subterraneo<\/li>\n<li>Ning\u00fan conductor puede tomar bebidas alcoholicas. Pol\u00edtica de 0 tolerancia<\/li>\n<\/ul>\t\t<\/div>\t<\/div><\/div><div class=\"dt-sc-toggle-frame\">\t<h5 class='dt-sc-toggle'><a href='#'>INFO<\/a><\/h5>\t<div class=\"dt-sc-toggle-content\" style=\"display: none;\">\t\t<div class=\"block\"><ul>\n<li>Duraci\u00f3n total: 3.5 hrs + traslados de acuerdo a la locaci\u00f3n<\/li>\n<li>Los horarios de pick up (de ser requerido) se asignan al momento de hacer la reserva<\/li>\n<li>El buggy es compartido con capacidad de 4 pasajeros<\/li>\n<li>El tiempo de manejo se distribuye entre conductores de acuerdo con las paradas establecidas<\/li>\n<li>Grupos max de 18 personas<\/li>\n<li>La licencia de manejo es obligatoria para todos los conductores, minimo 18 a\u00f1os de edad para conducir<\/li>\n<li>Edad m\u00ednima para participar: 10 a\u00f1os acompa\u00f1ado de un adulto o guardian legal<\/li>\n<\/ul>\t\t<\/div>\t<\/div><\/div><\/div><div class=\"ult-spacer spacer-69e7b27d0e2b1\" data-id=\"69e7b27d0e2b1\" data-height=\"10\" data-height-mobile=\"30\" data-height-tab=\"30\" data-height-tab-portrait=\"30\" data-height-mobile-landscape=\"30\" style=\"clear:both;display:block;\"><\/div>[\/vc_column_inner][\/vc_row_inner][\/vc_column][\/vc_row][vc_row enable_overlay=\u00bbenable_overlay_value\u00bb overlay_color=\u00bbrgba(255,255,255,0.56)\u00bb][vc_column el_align=\u00bbleft\u00bb offset=\u00bbvc_hidden-md vc_hidden-sm vc_hidden-xs\u00bb]<div class='dt-sc-tabs-horizontal-frame-container type5'><ul class='dt-sc-tabs-horizontal-frame'><li><a href=\"javascript:void(0);\">DESCRIPCI\u00d3N<\/a><\/li><li><a href=\"javascript:void(0);\">INCLUDYE<\/a><\/li><li><a href=\"javascript:void(0);\">NO INCLUYE<\/a><\/li><li><a href=\"javascript:void(0);\">TIPS<\/a><\/li><li><a href=\"javascript:void(0);\">RESTRICCIONES<\/a><\/li><li><a href=\"javascript:void(0);\">INFO<\/a><\/li><\/ul><div class='dt-sc-tabs-horizontal-frame-content'>[vc_column_text css=\u00bb.vc_custom_1581717340849{margin-bottom: 10px !important;}\u00bb]Con el <strong>Tour de Buggy and Crystal Caves<\/strong> vas a tener una <strong>aventura inolvidable y disfrutar\u00e1s de toda la maravilla de la jungla de la Riviera Maya y sus f\u00e1ntasticos alrededores<\/strong>.Empezamos el recorrido en la selva sin tr\u00e1fico. Vive casi 1 hora 20 minutos de adrenalina recorriendo diferentes tipos de camino bien dise\u00f1ados. Las elevaciones y obst\u00e1culos son ideales para divertirse al manejar el buggy en la Riviera Maya.<br \/>\nTerminado este recorrido, iniciaremos una <strong>caminata en una serie de cuevas interconectadas <\/strong><strong>conocidas como r\u00edos subterr\u00e1neos<\/strong>, que es una caracter\u00edstica de la Riviera Maya.Dentro de estas incre\u00edbles formaciones rocosas el gu\u00eda te dar\u00e1 un tour interesante con el equipo de seguridad adecuado. Atravesaremos aguas poco profundas y cuevas.<br \/>\nAl final del camino llegaremos a la piscina natural de agua cristalina de un Cenote.<br \/>\n<strong>Ser\u00e1s capaz de nadar y tomar tiempo para apreciar m\u00e1s estas estalactitas de colores y estalagmitas que la naturaleza cre\u00f3 y mantuvo durante miles de a\u00f1os.<\/strong><br \/>\nDespu\u00e9s del cenote, nuestro Tour de buggy &amp; Crystal Caves termina con tiempo libre comida.<br \/>\nEl transporte desde Playa del Carmen a la base en la selva ser\u00e1 de 40 minutos aprox. de distancia para llegar a los Buggy. Nuestro gu\u00eda te dar\u00e1 toda la informaci\u00f3n sobre el tour y las instrucciones para conducir las motos.<\/p>\n<p>La transportaci\u00f3n y el pick up est\u00e1n incluidas para los hu\u00e9spedes de Playa del Carmen Centro y Playacar (de Av Juarez a Playacar). El punto de encuentro se ubica en Starbucks de Centro Maya. Nuestras vans te transportar\u00e1n hasta nuestra ubicaci\u00f3n sin costos adicionales. Si se requiere un pick up o una ubicaci\u00f3n diferente habr\u00e1 un cargo adicional.<\/p>\n<p>[\/vc_column_text]<\/div><div class='dt-sc-tabs-horizontal-frame-content'>[vc_column_text css=\u00bb.vc_custom_1595125169658{margin-bottom: 10px !important;}\u00bb]<\/p>\n<p>El Buggy Tour &amp; Crystal Caves incluye:<\/p>\n<ul>\n<li>Botella de agua durante el recorrido<\/li>\n<li>Gu\u00eda biling\u00fce (ingl\u00e9s y espa\u00f1ol)<\/li>\n<li>Entrada al parque y cavernas<\/li>\n<li>Equipo buggy: casco, gogles y bandana para polvo<\/li>\n<li>Equipo cavernas: casco, l\u00e1mpara, chaleco salvavidas y zapatos de agua<\/li>\n<li>Box lunch: bolsa de papas fritas, barra de granola y botella de agua<\/li>\n<\/ul>\n<p>&nbsp;<\/p>\n<p>[\/vc_column_text]<\/div><div class='dt-sc-tabs-horizontal-frame-content'>[vc_column_text css=\u00bb.vc_custom_1605719073312{margin-bottom: 10px !important;}\u00bb]El Buggy Tour and Crystal Caves no incluye:<\/p>\n<ul>\n<li>Transportaci\u00f3n (5 a 20 usd dependiendo de la ubicaci\u00f3n)<\/li>\n<li>Seguro para Buggy (20 usd) (opcional)<\/li>\n<li>Cd de fotos (50 usd)<\/li>\n<li>Neopreno (10 usd)<\/li>\n<\/ul>\n<p>[\/vc_column_text]<\/div><div class='dt-sc-tabs-horizontal-frame-content'>[vc_column_text]Para nuestro Buggy Tour and Crystal Caves te recomendamos llevar:<\/p>\n<ul>\n<li>Traje de ba\u00f1o<\/li>\n<li>Ropa c\u00f3moda y un cambio<\/li>\n<li>Zapatos cerrados (trainer)<\/li>\n<li>Repelente<\/li>\n<li>Toalla<\/li>\n<li>Dinero extra<\/li>\n<li>GoPro con accesorios, manos libres<\/li>\n<\/ul>\n<p>[\/vc_column_text]<\/div><div class='dt-sc-tabs-horizontal-frame-content'>[vc_column_text]Estas son nuestras poli\u00edticas de restricci\u00f3n para garantizar una experiencia segura:<\/p>\n<ul>\n<li>No se admiten mujeres embarazadas<\/li>\n<li>No se admiten personas con problemas respiratorios, marcapasos, diabetes, hipertensi\u00f3n, problemas de espalda \/ cuello, fracturas o cirugias recientes de cualquier tipo<\/li>\n<li>No se permite tocar estalctitas y estalagmitas ni recolectar piezas del r\u00edo subterraneo<\/li>\n<li>Ning\u00fan conductor puede tomar bebidas alcoholicas. Pol\u00edtica de 0 tolerancia<\/li>\n<\/ul>\n<p>[\/vc_column_text]<\/div><div class='dt-sc-tabs-horizontal-frame-content'>[vc_column_text]<\/p>\n<ul>\n<li>Duraci\u00f3n total: 3.5 hrs + traslados de acuerdo a la locaci\u00f3n<\/li>\n<li>Los horarios de pick up (de ser requerido) se asignan al momento de hacer la reserva<\/li>\n<li>El buggy es compartido con capacidad de 4 pasajeros<\/li>\n<li>El tiempo de manejo se distribuye entre conductores de acuerdo con las paradas establecidas<\/li>\n<li>Grupos max de 18 personas<\/li>\n<li>La licencia de manejo es obligatoria para todos los conductores, minimo 18 a\u00f1os de edad para conducir<\/li>\n<li>Edad m\u00ednima para participar: 10 a\u00f1os acompa\u00f1ado de un adulto o guardian legal<\/li>\n<\/ul>\n<p>[\/vc_column_text]<\/div><\/div>[\/vc_column][\/vc_row][vc_row enable_overlay=\u00bbenable_overlay_value\u00bb overlay_color=\u00bbrgba(255,255,255,0.56)\u00bb][vc_column offset=\u00bbvc_hidden-md vc_hidden-sm vc_hidden-xs\u00bb]<div class='dt-sc-hr-invisible-small '> <\/div>[\/vc_column][\/vc_row]<\/p>\n<\/section>","protected":false},"excerpt":{"rendered":"[ultimate_spacer height=\"10\"]\n<h3 style=\"text-align: center; font-size: 30px; line-height: 1.5; font-weight: 400; color: #ffffff; font-family: Montserrat;\">\u00a1RESERVA EL TOUR!<\/h3>\n<p style=\"text-align: center; font-size: 18px; line-height: 1.5; font-weight: 400; color: #ffffff; font-family: Open Sans;\">Asiento Individual: <span style=\"text-decoration: line-through;\">$126 usd<\/span> $99 usd<\/p>\n[ultimate_spacer height=\"5\"]\n","protected":false},"featured_media":9515,"template":"","meta":{"_joinchat":[]},"product_brand":[],"product_cat":[50],"product_tag":[],"class_list":{"0":"post-9530","1":"product","2":"type-product","3":"status-publish","4":"has-post-thumbnail","6":"product_cat-tour-buggy-playa-del-carmen","8":"first","9":"instock","10":"virtual","11":"sold-individually","12":"purchasable","13":"product-type-booking"},"yoast_head":"<!-- This site is optimized with the Yoast SEO plugin v20.12 - https:\/\/yoast.com\/wordpress\/plugins\/seo\/ -->\n<title>BUGGY TOUR AND CRYSTAL CAVES - Tour en buggy Playa del Carmen<\/title>\n<meta name=\"description\" content=\"Buggy Tour Playa del Carmen. Emocionante tour en buggy en la jungla y exploraci\u00f3n de los increibles r\u00edos subterr\u00e1neos del caribe mexicano.\" \/>\n<meta name=\"robots\" content=\"index, follow, max-snippet:-1, max-image-preview:large, max-video-preview:-1\" \/>\n<link rel=\"canonical\" href=\"https:\/\/www.mexxtremotours.com\/es\/tours-riviera-maya\/buggy-tour-and-crystal-caves\/\" \/>\n<meta property=\"og:locale\" content=\"es_ES\" \/>\n<meta property=\"og:type\" content=\"article\" \/>\n<meta property=\"og:title\" content=\"BUGGY TOUR AND CRYSTAL CAVES - Tour en buggy Playa del Carmen\" \/>\n<meta property=\"og:description\" content=\"Buggy Tour Playa del Carmen. Emocionante tour en buggy en la jungla y exploraci\u00f3n de los increibles r\u00edos subterr\u00e1neos del caribe mexicano.\" \/>\n<meta property=\"og:url\" content=\"https:\/\/www.mexxtremotours.com\/es\/tours-riviera-maya\/buggy-tour-and-crystal-caves\/\" \/>\n<meta property=\"og:site_name\" content=\"Mexxtremo Adventures\" \/>\n<meta property=\"article:publisher\" content=\"https:\/\/www.facebook.com\/atvtourplayadelcarmenjungleadventures\/\" \/>\n<meta property=\"article:modified_time\" content=\"2021-08-14T14:58:48+00:00\" \/>\n<meta property=\"og:image\" content=\"https:\/\/www.mexxtremotours.com\/wp-content\/uploads\/2020\/01\/atv-880x440-1.jpg\" \/>\n<meta name=\"twitter:card\" content=\"summary_large_image\" \/>\n<meta name=\"twitter:label1\" content=\"Tiempo de lectura\" \/>\n\t<meta name=\"twitter:data1\" content=\"7 minutos\" \/>\n<script type=\"application\/ld+json\" class=\"yoast-schema-graph\">{\"@context\":\"https:\/\/schema.org\",\"@graph\":[{\"@type\":\"WebPage\",\"@id\":\"https:\/\/www.mexxtremotours.com\/es\/tours-riviera-maya\/buggy-tour-and-crystal-caves\/\",\"url\":\"https:\/\/www.mexxtremotours.com\/es\/tours-riviera-maya\/buggy-tour-and-crystal-caves\/\",\"name\":\"BUGGY TOUR AND CRYSTAL CAVES - Tour en buggy Playa del Carmen\",\"isPartOf\":{\"@id\":\"https:\/\/www.mexxtremotours.com\/#website\"},\"datePublished\":\"2021-04-15T19:02:40+00:00\",\"dateModified\":\"2021-08-14T14:58:48+00:00\",\"description\":\"Buggy Tour Playa del Carmen. Emocionante tour en buggy en la jungla y exploraci\u00f3n de los increibles r\u00edos subterr\u00e1neos del caribe mexicano.\",\"breadcrumb\":{\"@id\":\"https:\/\/www.mexxtremotours.com\/es\/tours-riviera-maya\/buggy-tour-and-crystal-caves\/#breadcrumb\"},\"inLanguage\":\"es\",\"potentialAction\":[{\"@type\":\"ReadAction\",\"target\":[\"https:\/\/www.mexxtremotours.com\/es\/tours-riviera-maya\/buggy-tour-and-crystal-caves\/\"]}]},{\"@type\":\"BreadcrumbList\",\"@id\":\"https:\/\/www.mexxtremotours.com\/es\/tours-riviera-maya\/buggy-tour-and-crystal-caves\/#breadcrumb\",\"itemListElement\":[{\"@type\":\"ListItem\",\"position\":1,\"name\":\"Home\",\"item\":\"https:\/\/www.mexxtremotours.com\/es\/\"},{\"@type\":\"ListItem\",\"position\":2,\"name\":\"Shop\",\"item\":\"https:\/\/www.mexxtremotours.com\/shop\/\"},{\"@type\":\"ListItem\",\"position\":3,\"name\":\"BUGGY TOUR AND CRYSTAL CAVES\"}]},{\"@type\":\"WebSite\",\"@id\":\"https:\/\/www.mexxtremotours.com\/#website\",\"url\":\"https:\/\/www.mexxtremotours.com\/\",\"name\":\"Mexxtremo Adventures\",\"description\":\"Adventure Tours Riviera Maya\",\"publisher\":{\"@id\":\"https:\/\/www.mexxtremotours.com\/#organization\"},\"potentialAction\":[{\"@type\":\"SearchAction\",\"target\":{\"@type\":\"EntryPoint\",\"urlTemplate\":\"https:\/\/www.mexxtremotours.com\/?s={search_term_string}\"},\"query-input\":\"required name=search_term_string\"}],\"inLanguage\":\"es\"},{\"@type\":\"Organization\",\"@id\":\"https:\/\/www.mexxtremotours.com\/#organization\",\"name\":\"MEXXTREMO ADVENTURES\",\"url\":\"https:\/\/www.mexxtremotours.com\/\",\"logo\":{\"@type\":\"ImageObject\",\"inLanguage\":\"es\",\"@id\":\"https:\/\/www.mexxtremotours.com\/#\/schema\/logo\/image\/\",\"url\":\"\",\"contentUrl\":\"\",\"caption\":\"MEXXTREMO ADVENTURES\"},\"image\":{\"@id\":\"https:\/\/www.mexxtremotours.com\/#\/schema\/logo\/image\/\"},\"sameAs\":[\"https:\/\/www.facebook.com\/atvtourplayadelcarmenjungleadventures\/\",\"https:\/\/www.instagram.com\/mexxtremoadventures_tours\/\"]}]}<\/script>\n<!-- \/ Yoast SEO plugin. -->","yoast_head_json":{"title":"BUGGY TOUR AND CRYSTAL CAVES - Tour en buggy Playa del Carmen","description":"Buggy Tour Playa del Carmen. Emocionante tour en buggy en la jungla y exploraci\u00f3n de los increibles r\u00edos subterr\u00e1neos del caribe mexicano.","robots":{"index":"index","follow":"follow","max-snippet":"max-snippet:-1","max-image-preview":"max-image-preview:large","max-video-preview":"max-video-preview:-1"},"canonical":"https:\/\/www.mexxtremotours.com\/es\/tours-riviera-maya\/buggy-tour-and-crystal-caves\/","og_locale":"es_ES","og_type":"article","og_title":"BUGGY TOUR AND CRYSTAL CAVES - Tour en buggy Playa del Carmen","og_description":"Buggy Tour Playa del Carmen. Emocionante tour en buggy en la jungla y exploraci\u00f3n de los increibles r\u00edos subterr\u00e1neos del caribe mexicano.","og_url":"https:\/\/www.mexxtremotours.com\/es\/tours-riviera-maya\/buggy-tour-and-crystal-caves\/","og_site_name":"Mexxtremo Adventures","article_publisher":"https:\/\/www.facebook.com\/atvtourplayadelcarmenjungleadventures\/","article_modified_time":"2021-08-14T14:58:48+00:00","og_image":[{"url":"https:\/\/www.mexxtremotours.com\/wp-content\/uploads\/2020\/01\/atv-880x440-1.jpg"}],"twitter_card":"summary_large_image","twitter_misc":{"Tiempo de lectura":"7 minutos"},"schema":{"@context":"https:\/\/schema.org","@graph":[{"@type":"WebPage","@id":"https:\/\/www.mexxtremotours.com\/es\/tours-riviera-maya\/buggy-tour-and-crystal-caves\/","url":"https:\/\/www.mexxtremotours.com\/es\/tours-riviera-maya\/buggy-tour-and-crystal-caves\/","name":"BUGGY TOUR AND CRYSTAL CAVES - Tour en buggy Playa del Carmen","isPartOf":{"@id":"https:\/\/www.mexxtremotours.com\/#website"},"datePublished":"2021-04-15T19:02:40+00:00","dateModified":"2021-08-14T14:58:48+00:00","description":"Buggy Tour Playa del Carmen. Emocionante tour en buggy en la jungla y exploraci\u00f3n de los increibles r\u00edos subterr\u00e1neos del caribe mexicano.","breadcrumb":{"@id":"https:\/\/www.mexxtremotours.com\/es\/tours-riviera-maya\/buggy-tour-and-crystal-caves\/#breadcrumb"},"inLanguage":"es","potentialAction":[{"@type":"ReadAction","target":["https:\/\/www.mexxtremotours.com\/es\/tours-riviera-maya\/buggy-tour-and-crystal-caves\/"]}]},{"@type":"BreadcrumbList","@id":"https:\/\/www.mexxtremotours.com\/es\/tours-riviera-maya\/buggy-tour-and-crystal-caves\/#breadcrumb","itemListElement":[{"@type":"ListItem","position":1,"name":"Home","item":"https:\/\/www.mexxtremotours.com\/es\/"},{"@type":"ListItem","position":2,"name":"Shop","item":"https:\/\/www.mexxtremotours.com\/shop\/"},{"@type":"ListItem","position":3,"name":"BUGGY TOUR AND CRYSTAL CAVES"}]},{"@type":"WebSite","@id":"https:\/\/www.mexxtremotours.com\/#website","url":"https:\/\/www.mexxtremotours.com\/","name":"Mexxtremo Adventures","description":"Adventure Tours Riviera Maya","publisher":{"@id":"https:\/\/www.mexxtremotours.com\/#organization"},"potentialAction":[{"@type":"SearchAction","target":{"@type":"EntryPoint","urlTemplate":"https:\/\/www.mexxtremotours.com\/?s={search_term_string}"},"query-input":"required name=search_term_string"}],"inLanguage":"es"},{"@type":"Organization","@id":"https:\/\/www.mexxtremotours.com\/#organization","name":"MEXXTREMO ADVENTURES","url":"https:\/\/www.mexxtremotours.com\/","logo":{"@type":"ImageObject","inLanguage":"es","@id":"https:\/\/www.mexxtremotours.com\/#\/schema\/logo\/image\/","url":"","contentUrl":"","caption":"MEXXTREMO ADVENTURES"},"image":{"@id":"https:\/\/www.mexxtremotours.com\/#\/schema\/logo\/image\/"},"sameAs":["https:\/\/www.facebook.com\/atvtourplayadelcarmenjungleadventures\/","https:\/\/www.instagram.com\/mexxtremoadventures_tours\/"]}]}},"_links":{"self":[{"href":"https:\/\/www.mexxtremotours.com\/es\/wp-json\/wp\/v2\/product\/9530","targetHints":{"allow":["GET"]}}],"collection":[{"href":"https:\/\/www.mexxtremotours.com\/es\/wp-json\/wp\/v2\/product"}],"about":[{"href":"https:\/\/www.mexxtremotours.com\/es\/wp-json\/wp\/v2\/types\/product"}],"wp:featuredmedia":[{"embeddable":true,"href":"https:\/\/www.mexxtremotours.com\/es\/wp-json\/wp\/v2\/media\/9515"}],"wp:attachment":[{"href":"https:\/\/www.mexxtremotours.com\/es\/wp-json\/wp\/v2\/media?parent=9530"}],"wp:term":[{"taxonomy":"product_brand","embeddable":true,"href":"https:\/\/www.mexxtremotours.com\/es\/wp-json\/wp\/v2\/product_brand?post=9530"},{"taxonomy":"product_cat","embeddable":true,"href":"https:\/\/www.mexxtremotours.com\/es\/wp-json\/wp\/v2\/product_cat?post=9530"},{"taxonomy":"product_tag","embeddable":true,"href":"https:\/\/www.mexxtremotours.com\/es\/wp-json\/wp\/v2\/product_tag?post=9530"}],"curies":[{"name":"wp","href":"https:\/\/api.w.org\/{rel}","templated":true}]}}