{"id":8256,"date":"2020-01-18T16:39:51","date_gmt":"2020-01-18T16:39:51","guid":{"rendered":"https:\/\/www.mexxtremotours.com\/tours-riviera-maya\/atv-tour-and-secret-caves\/"},"modified":"2023-02-02T22:30:45","modified_gmt":"2023-02-02T22:30:45","slug":"tour-atv-and-secret-caves","status":"publish","type":"product","link":"https:\/\/www.mexxtremotours.com\/es\/tours-riviera-maya\/tour-atv-and-secret-caves\/","title":{"rendered":"TOUR ATV AND SECRET CAVES"},"content":{"rendered":"<section class=\"wpb-content-wrapper\"><p>[vc_row enable_overlay=\u00bbenable_overlay_value\u00bb overlay_color=\u00bbrgba(255,255,255,0.56)\u00bb][vc_column][vc_custom_heading text=\u00bbTOUR ATV AND SECRET CAVES\u00bb font_container=\u00bbtag:h1|font_size:40|text_align:left|color:%23063f11|line_height:1&#8243; google_fonts=\u00bbfont_family:Montserrat%3Aregular%2C700|font_style:700%20bold%20regular%3A700%3Anormal\u00bb][vc_column_text]<\/p>\n<h2 style=\"text-align: left; font-size: 25px; line-height: 1.5; font-weight: 400; font-family: Montserrat;\">ESPERIENCIA EN ATV, DIVERSI\u00d3N, ADRENALINA, Y TODO EL MAGN\u00cdFICO ENTORNO DE LA SELVA. \u00bfQU\u00c9 M\u00c1S SE PUEDE PEDIR?<\/h2>\n<p>[\/vc_column_text]<div class='dt-sc-hr-invisible-xsmall '> <\/div>[vc_row_inner][vc_column_inner offset=\u00bbvc_hidden-lg\u00bb]<div class='dt-sc-toggle-group-set type2 '><div class=\"dt-sc-toggle-frame\">\t<h5 class='dt-sc-toggle'><a href='#'>DESCRIPCI\u00d3N<\/a><\/h5>\t<div class=\"dt-sc-toggle-content\" style=\"display: none;\">\t\t<div class=\"block\">Con el Tour <strong>ATV and Secret Caves<\/strong> vas a tener una aventura inolvidable y disfrutar\u00e1s de toda la maravilla de la jungla de la Riviera Maya y sus f\u00e1ntasticos alrededores.\nEmpezamos el recorrido en la selva sin tr\u00e1fico. Vive 50 minutos de adrenalina recorriendo diferentes tipos de camino bien dise\u00f1ados. Las <strong>elevaciones y obst\u00e1culos<\/strong> son ideales <strong>para divertirse al manejar el ATV en la Riviera Maya<\/strong>.<\/p>\n<p>Terminado este recorrido, iniciaremos una caminata en <strong>una serie de cuevas interconectadas<\/strong> conocidas como <strong>r\u00edos subterr\u00e1neos<\/strong>, que es una caracter\u00edstica de la Riviera Maya.Dentro de estas incre\u00edbles <strong>formaciones rocosas<\/strong> el gu\u00eda te dar\u00e1 un tour interesante con el equipo de seguridad adecuado.\nAtravesaremos aguas poco profundas y cuevas.<\/p>\n<p>Al final del camino llegaremos a la <strong>piscina natural de agua cristalina de un Cenote<\/strong>.\nSer\u00e1s capaz de nadar y tomar tiempo para apreciar m\u00e1s estas estalactitas de colores y estalagmitas que la naturaleza cre\u00f3 y mantuvo durante miles de a\u00f1os.\nDespu\u00e9s del cenote, nuestro Tour ATV &amp; Secret Caves termina y el transporte los llevar\u00e1 de vuelta a sus respectivos hoteles.<\/p>\n<p>El transporte desde Playa del Carmen a la base en la selva ser\u00e1 de 40 minutos aprox. de distancia para llegar a los ATV. Nuestro gu\u00eda te dar\u00e1 toda la informaci\u00f3n sobre el tour y las instrucciones para conducir las motos.\t\t<\/div>\t<\/div><\/div><div class=\"dt-sc-toggle-frame\">\t<h5 class='dt-sc-toggle'><a href='#'>INCLUYE<\/a><\/h5>\t<div class=\"dt-sc-toggle-content\" style=\"display: none;\">\t\t<div class=\"block\">El Tour ATV &amp; Secret Caves incluye:<\/p>\n<ul>\n<li>Transportaci\u00f3n (si est\u00e1s ubicado en Playa del Carmen o Playacar)<\/li>\n<li>Moto ATV individual o doble<\/li>\n<li>Entrada al parque y cenote<\/li>\n<li>Casco y Googles para la moto<\/li>\n<li>Casco, l\u00e1mpara, zapatos acu\u00e1ticos para rio subterr\u00e1neo<\/li>\n<li>Gu\u00eda experto<\/li>\n<li>Botella de agua y shot de Tequila<\/li>\n<li>Cjaleco salvavida<\/li>\n<li>Seguro de Gastos M\u00e9dicos en caso de accidente<\/li>\n<\/ul>\t\t<\/div>\t<\/div><\/div><div class=\"dt-sc-toggle-frame\">\t<h5 class='dt-sc-toggle'><a href='#'>NO INCLUYE<\/a><\/h5>\t<div class=\"dt-sc-toggle-content\" style=\"display: none;\">\t\t<div class=\"block\">El Tour ATV and Secret Caves <strong>no<\/strong> incluye:<\/p>\n<ul>\n<li>Transportaci\u00f3n (de 10 usd a 25$ usd dependiendo de tu ubicaci\u00f3n)<\/li>\n<li>Seguro para la moto 10 usd (opcional)<\/li>\n<li>Bandana (10 usd)<\/li>\n<li>Set de foto digitales\u00a0 (50 usd para 2 personas)<\/li>\n<li>Comida<\/li>\n<li>Traje de neopreno (10 usd)<\/li>\n<\/ul>\t\t<\/div>\t<\/div><\/div><div class=\"dt-sc-toggle-frame\">\t<h5 class='dt-sc-toggle'><a href='#'>TIPS<\/a><\/h5>\t<div class=\"dt-sc-toggle-content\" style=\"display: none;\">\t\t<div class=\"block\">Para nuestro Tour ATV and Secret Caves te recomendamos llevar:<\/p>\n<ul>\n<li>Traje de ba\u00f1o<\/li>\n<li>Cambio de ropa<\/li>\n<li>TZapatos tipo tennis c\u00f3modos<\/li>\n<li>Toalla<\/li>\n<li>Dinero extra<\/li>\n<li>GoPro con accesorios, manos libres<\/li>\n<\/ul>\t\t<\/div>\t<\/div><\/div><div class=\"dt-sc-toggle-frame\">\t<h5 class='dt-sc-toggle'><a href='#'>RESTRICCIONES<\/a><\/h5>\t<div class=\"dt-sc-toggle-content\" style=\"display: none;\">\t\t<div class=\"block\">Estas son nuestras pol\u00edticas de restriciones para garantizar una experiencia segura:<\/p>\n<ul>\n<li>No se permiten mujeres embarazadas<\/li>\n<li>No se permiten personas ebrias<\/li>\n<li>No se permiten ni\u00f1os menores de 5 a\u00f1os<\/li>\n<li>No se permite conducir a los menores de 17 a\u00f1os<\/li>\n<li>No se permiten personas con problemas de espaldas<\/li>\n<li>No se permite recoger piedras<\/li>\n<li>No se permite tocar estalactitas y estalagmitas en los r\u00edos subterr\u00e1neos<\/li>\n<li>No se permite c\u00e1mara y celulares<\/li>\n<\/ul>\t\t<\/div>\t<\/div><\/div><\/div><div class=\"ult-spacer spacer-69e7b06c3eea5\" data-id=\"69e7b06c3eea5\" data-height=\"10\" data-height-mobile=\"30\" data-height-tab=\"30\" data-height-tab-portrait=\"30\" data-height-mobile-landscape=\"30\" style=\"clear:both;display:block;\"><\/div>[\/vc_column_inner][\/vc_row_inner][\/vc_column][\/vc_row][vc_row enable_overlay=\u00bbenable_overlay_value\u00bb overlay_color=\u00bbrgba(255,255,255,0.56)\u00bb][vc_column el_align=\u00bbleft\u00bb offset=\u00bbvc_hidden-md vc_hidden-sm vc_hidden-xs\u00bb]<div class='dt-sc-tabs-horizontal-frame-container type5'><ul class='dt-sc-tabs-horizontal-frame'><li><a href=\"javascript:void(0);\">DESCRIPCI\u00d3N<\/a><\/li><li><a href=\"javascript:void(0);\">INCLUYE<\/a><\/li><li><a href=\"javascript:void(0);\">NO INCLUYE<\/a><\/li><li><a href=\"javascript:void(0);\">TIPS<\/a><\/li><li><a href=\"javascript:void(0);\">RESTRICCIONES<\/a><\/li><\/ul><div class='dt-sc-tabs-horizontal-frame-content'>[vc_column_text css=\u00bb.vc_custom_1582058054883{margin-bottom: 10px !important;}\u00bb]<\/p>\n<p style=\"text-align: left; font-size: 18px; line-height: 1.5; font-weight: 400; font-family: Open Sans;\">Con el Tour <strong>ATV and Secret Caves<\/strong> vas a tener una aventura inolvidable y disfrutar\u00e1s de toda la maravilla de la jungla de la Riviera Maya y sus f\u00e1ntasticos alrededores.<br \/>\nEmpezamos el recorrido en la selva sin tr\u00e1fico. Vive 50 minutos de adrenalina recorriendo diferentes tipos de camino bien dise\u00f1ados. Las <strong>elevaciones y obst\u00e1culos<\/strong> son ideales <strong>para divertirse al manejar el ATV en la Riviera Maya<\/strong>.<\/p>\n<p style=\"text-align: left; font-size: 18px; line-height: 1.5; font-weight: 400; font-family: Open Sans;\">Terminado este recorrido, iniciaremos una caminata en <strong>una serie de cuevas interconectadas<\/strong> conocidas como <strong>r\u00edos subterr\u00e1neos<\/strong>, que es una caracter\u00edstica de la Riviera Maya.Dentro de estas incre\u00edbles <strong>formaciones rocosas<\/strong> el gu\u00eda te dar\u00e1 un tour interesante con el equipo de seguridad adecuado.<br \/>\nAtravesaremos aguas poco profundas y cuevas.<\/p>\n<p style=\"text-align: left; font-size: 18px; line-height: 1.5; font-weight: 400; font-family: Open Sans;\">Al final del camino llegaremos a la <strong>piscina natural de agua cristalina de un Cenote<\/strong>.<br \/>\nSer\u00e1s capaz de nadar y tomar tiempo para apreciar m\u00e1s estas estalactitas de colores y estalagmitas que la naturaleza cre\u00f3 y mantuvo durante miles de a\u00f1os.<br \/>\nDespu\u00e9s del cenote, nuestro Tour ATV &amp; Secret Caves termina y el transporte los llevar\u00e1 de vuelta a sus respectivos hoteles.<\/p>\n<p style=\"text-align: left; font-size: 18px; line-height: 1.5; font-weight: 400; font-family: Open Sans;\">El transporte desde Playa del Carmen a la base en la selva ser\u00e1 de 40 minutos aprox. de distancia para llegar a los ATV. Nuestro gu\u00eda te dar\u00e1 toda la informaci\u00f3n sobre el tour y las instrucciones para conducir las motos.<\/p>\n<p>[\/vc_column_text]<\/div><div class='dt-sc-tabs-horizontal-frame-content'>[vc_column_text css=\u00bb.vc_custom_1642533420926{margin-bottom: 10px !important;}\u00bb]El Tour ATV &amp; Secret Caves incluye:<\/p>\n<ul>\n<li>Transportaci\u00f3n (si sales de Playa del Carmen y\/o Playacar)<\/li>\n<li>Moto ATV individual o doble<\/li>\n<li>Entrada al parque y cenote<\/li>\n<li>Casco y Googles para la moto<\/li>\n<li>Casco, l\u00e1mpara, zapatos acu\u00e1ticos para rio subterr\u00e1neo<\/li>\n<li>Gu\u00eda experto<\/li>\n<li>Botella de agua y shot de Tequila<\/li>\n<li>Cjaleco salvavida<\/li>\n<li>Seguro de Gastos M\u00e9dicos en caso de accidente<\/li>\n<\/ul>\n<p>[\/vc_column_text]<\/div><div class='dt-sc-tabs-horizontal-frame-content'>[vc_column_text css=\u00bb.vc_custom_1675377031289{margin-bottom: 10px !important;}\u00bb]El Tour ATV and Secret Caves <strong>no<\/strong> incluye:<\/p>\n<ul>\n<li>Transportaci\u00f3n (de 10 usd a 25$ usd dependiendo de tu ubicaci\u00f3n)<\/li>\n<li>Seguro para la moto 10 usd (opcional)<\/li>\n<li>Bandana (10 usd)<\/li>\n<li>Set de foto digitales (50 usd para 2 personas)<\/li>\n<li>Comida<\/li>\n<li>Traje de neopreno (10 usd)<\/li>\n<\/ul>\n<p>[\/vc_column_text]<\/div><div class='dt-sc-tabs-horizontal-frame-content'>[vc_column_text]Para nuestro Tour ATV and Secret Caves te recomendamos llevar:<\/p>\n<ul>\n<li>Traje de ba\u00f1o<\/li>\n<li>Cambio de ropa<\/li>\n<li>TZapatos tipo tennis c\u00f3modos<\/li>\n<li>Toalla<\/li>\n<li>Dinero extra<\/li>\n<li>GoPro con accesorios, manos libres<\/li>\n<\/ul>\n<p>[\/vc_column_text]<\/div><div class='dt-sc-tabs-horizontal-frame-content'>[vc_column_text]Estas son nuestras pol\u00edticas de restriciones para garantizar una experiencia segura:<\/p>\n<ul>\n<li>No se permiten mujeres embarazadas<\/li>\n<li>No se permiten personas ebrias<\/li>\n<li>No se permiten ni\u00f1os menores de 5 a\u00f1os<\/li>\n<li>No se permite conducir a los menores de 17 a\u00f1os<\/li>\n<li>No se permiten personas con problemas de espaldas<\/li>\n<li>No se permite recoger piedras<\/li>\n<li>No se permite tocar estalactitas y estalagmitas en los r\u00edos subterr\u00e1neos<\/li>\n<li>No se permite c\u00e1mara y celulares<\/li>\n<\/ul>\n<p>[\/vc_column_text]<\/div><\/div>[\/vc_column][\/vc_row][vc_row enable_overlay=\u00bbenable_overlay_value\u00bb overlay_color=\u00bbrgba(255,255,255,0.56)\u00bb][vc_column offset=\u00bbvc_hidden-md vc_hidden-sm vc_hidden-xs\u00bb]<div class='dt-sc-hr-invisible-small '> <\/div>[\/vc_column][\/vc_row]<\/p>\n<\/section>","protected":false},"excerpt":{"rendered":"[ultimate_spacer height=\"10\"]\n<h3 style=\"text-align: center; font-size: 30px; line-height: 1.5; font-weight: 400; color: #ffffff; font-family: Montserrat;\">\u00a1RESERVA EL TOUR!<\/h3>\n<p style=\"text-align: center; font-size: 18px; line-height: 1.5; font-weight: 400; color: #ffffff; font-family: Open Sans;\">ATV Doble <span style=\"text-decoration: line-through;\">$170 usd<\/span> $150 usd<br \/>\nATV Individual: <span style=\"text-decoration: line-through;\">$105 usd<\/span> $95 usd<\/p>\n[ultimate_spacer height=\"10\"]\n","protected":false},"featured_media":11178,"template":"","meta":{"_joinchat":[]},"product_brand":[],"product_cat":[40],"product_tag":[],"class_list":{"0":"post-8256","1":"product","2":"type-product","3":"status-publish","4":"has-post-thumbnail","6":"product_cat-tour-atv","8":"first","9":"instock","10":"virtual","11":"sold-individually","12":"purchasable","13":"product-type-booking"},"yoast_head":"<!-- This site is optimized with the Yoast SEO plugin v20.12 - https:\/\/yoast.com\/wordpress\/plugins\/seo\/ -->\n<title>Tour ATV Riviera Maya - TOUR ATV AND SECRET CAVES -<\/title>\n<meta name=\"description\" content=\"El mejor Tour ATV en la Riviera Maya: Tour ATV and Secret Caves. Experiencia ATV, diversi\u00f3n, adrenalina en la maravillosa jungla del Caribe.\" \/>\n<meta name=\"robots\" content=\"index, follow, max-snippet:-1, max-image-preview:large, max-video-preview:-1\" \/>\n<link rel=\"canonical\" href=\"https:\/\/www.mexxtremotours.com\/es\/tours-riviera-maya\/tour-atv-and-secret-caves\/\" \/>\n<meta property=\"og:locale\" content=\"es_ES\" \/>\n<meta property=\"og:type\" content=\"article\" \/>\n<meta property=\"og:title\" content=\"Tour ATV Riviera Maya - Tour ATV and Secret Caves - Mexxtremo Adventures\" \/>\n<meta property=\"og:description\" content=\"El mejor Tour ATV en la Riviera Maya:Tour ATV and Secret Caves. Experiencia ATV, diversi\u00f3n, adrenalina y todo el magn\u00edfico entorno de la selva del Caribe.\" \/>\n<meta property=\"og:url\" content=\"https:\/\/www.mexxtremotours.com\/es\/tours-riviera-maya\/tour-atv-and-secret-caves\/\" \/>\n<meta property=\"og:site_name\" content=\"Mexxtremo Adventures\" \/>\n<meta property=\"article:publisher\" content=\"https:\/\/www.facebook.com\/atvtourplayadelcarmenjungleadventures\/\" \/>\n<meta property=\"article:modified_time\" content=\"2023-02-02T22:30:45+00:00\" \/>\n<meta property=\"og:image\" content=\"https:\/\/www.mexxtremotours.com\/wp-content\/uploads\/2020\/01\/atv-880x440-1.jpg\" \/>\n\t<meta property=\"og:image:width\" content=\"880\" \/>\n\t<meta property=\"og:image:height\" content=\"440\" \/>\n\t<meta property=\"og:image:type\" content=\"image\/jpeg\" \/>\n<meta name=\"twitter:card\" content=\"summary_large_image\" \/>\n<meta name=\"twitter:label1\" content=\"Tiempo de lectura\" \/>\n\t<meta name=\"twitter:data1\" content=\"4 minutos\" \/>\n<script type=\"application\/ld+json\" class=\"yoast-schema-graph\">{\"@context\":\"https:\/\/schema.org\",\"@graph\":[{\"@type\":\"WebPage\",\"@id\":\"https:\/\/www.mexxtremotours.com\/es\/tours-riviera-maya\/tour-atv-and-secret-caves\/\",\"url\":\"https:\/\/www.mexxtremotours.com\/es\/tours-riviera-maya\/tour-atv-and-secret-caves\/\",\"name\":\"Tour ATV Riviera Maya - TOUR ATV AND SECRET CAVES -\",\"isPartOf\":{\"@id\":\"https:\/\/www.mexxtremotours.com\/#website\"},\"datePublished\":\"2020-01-18T16:39:51+00:00\",\"dateModified\":\"2023-02-02T22:30:45+00:00\",\"description\":\"El mejor Tour ATV en la Riviera Maya: Tour ATV and Secret Caves. Experiencia ATV, diversi\u00f3n, adrenalina en la maravillosa jungla del Caribe.\",\"breadcrumb\":{\"@id\":\"https:\/\/www.mexxtremotours.com\/es\/tours-riviera-maya\/tour-atv-and-secret-caves\/#breadcrumb\"},\"inLanguage\":\"es\",\"potentialAction\":[{\"@type\":\"ReadAction\",\"target\":[\"https:\/\/www.mexxtremotours.com\/es\/tours-riviera-maya\/tour-atv-and-secret-caves\/\"]}]},{\"@type\":\"BreadcrumbList\",\"@id\":\"https:\/\/www.mexxtremotours.com\/es\/tours-riviera-maya\/tour-atv-and-secret-caves\/#breadcrumb\",\"itemListElement\":[{\"@type\":\"ListItem\",\"position\":1,\"name\":\"Home\",\"item\":\"https:\/\/www.mexxtremotours.com\/es\/\"},{\"@type\":\"ListItem\",\"position\":2,\"name\":\"Shop\",\"item\":\"https:\/\/www.mexxtremotours.com\/shop\/\"},{\"@type\":\"ListItem\",\"position\":3,\"name\":\"TOUR ATV AND SECRET CAVES\"}]},{\"@type\":\"WebSite\",\"@id\":\"https:\/\/www.mexxtremotours.com\/#website\",\"url\":\"https:\/\/www.mexxtremotours.com\/\",\"name\":\"Mexxtremo Adventures\",\"description\":\"Adventure Tours Riviera Maya\",\"publisher\":{\"@id\":\"https:\/\/www.mexxtremotours.com\/#organization\"},\"potentialAction\":[{\"@type\":\"SearchAction\",\"target\":{\"@type\":\"EntryPoint\",\"urlTemplate\":\"https:\/\/www.mexxtremotours.com\/?s={search_term_string}\"},\"query-input\":\"required name=search_term_string\"}],\"inLanguage\":\"es\"},{\"@type\":\"Organization\",\"@id\":\"https:\/\/www.mexxtremotours.com\/#organization\",\"name\":\"MEXXTREMO ADVENTURES\",\"url\":\"https:\/\/www.mexxtremotours.com\/\",\"logo\":{\"@type\":\"ImageObject\",\"inLanguage\":\"es\",\"@id\":\"https:\/\/www.mexxtremotours.com\/#\/schema\/logo\/image\/\",\"url\":\"\",\"contentUrl\":\"\",\"caption\":\"MEXXTREMO ADVENTURES\"},\"image\":{\"@id\":\"https:\/\/www.mexxtremotours.com\/#\/schema\/logo\/image\/\"},\"sameAs\":[\"https:\/\/www.facebook.com\/atvtourplayadelcarmenjungleadventures\/\",\"https:\/\/www.instagram.com\/mexxtremoadventures_tours\/\"]}]}<\/script>\n<!-- \/ Yoast SEO plugin. -->","yoast_head_json":{"title":"Tour ATV Riviera Maya - TOUR ATV AND SECRET CAVES -","description":"El mejor Tour ATV en la Riviera Maya: Tour ATV and Secret Caves. Experiencia ATV, diversi\u00f3n, adrenalina en la maravillosa jungla del Caribe.","robots":{"index":"index","follow":"follow","max-snippet":"max-snippet:-1","max-image-preview":"max-image-preview:large","max-video-preview":"max-video-preview:-1"},"canonical":"https:\/\/www.mexxtremotours.com\/es\/tours-riviera-maya\/tour-atv-and-secret-caves\/","og_locale":"es_ES","og_type":"article","og_title":"Tour ATV Riviera Maya - Tour ATV and Secret Caves - Mexxtremo Adventures","og_description":"El mejor Tour ATV en la Riviera Maya:Tour ATV and Secret Caves. Experiencia ATV, diversi\u00f3n, adrenalina y todo el magn\u00edfico entorno de la selva del Caribe.","og_url":"https:\/\/www.mexxtremotours.com\/es\/tours-riviera-maya\/tour-atv-and-secret-caves\/","og_site_name":"Mexxtremo Adventures","article_publisher":"https:\/\/www.facebook.com\/atvtourplayadelcarmenjungleadventures\/","article_modified_time":"2023-02-02T22:30:45+00:00","og_image":[{"width":880,"height":440,"url":"https:\/\/www.mexxtremotours.com\/wp-content\/uploads\/2020\/01\/atv-880x440-1.jpg","type":"image\/jpeg"}],"twitter_card":"summary_large_image","twitter_misc":{"Tiempo de lectura":"4 minutos"},"schema":{"@context":"https:\/\/schema.org","@graph":[{"@type":"WebPage","@id":"https:\/\/www.mexxtremotours.com\/es\/tours-riviera-maya\/tour-atv-and-secret-caves\/","url":"https:\/\/www.mexxtremotours.com\/es\/tours-riviera-maya\/tour-atv-and-secret-caves\/","name":"Tour ATV Riviera Maya - TOUR ATV AND SECRET CAVES -","isPartOf":{"@id":"https:\/\/www.mexxtremotours.com\/#website"},"datePublished":"2020-01-18T16:39:51+00:00","dateModified":"2023-02-02T22:30:45+00:00","description":"El mejor Tour ATV en la Riviera Maya: Tour ATV and Secret Caves. Experiencia ATV, diversi\u00f3n, adrenalina en la maravillosa jungla del Caribe.","breadcrumb":{"@id":"https:\/\/www.mexxtremotours.com\/es\/tours-riviera-maya\/tour-atv-and-secret-caves\/#breadcrumb"},"inLanguage":"es","potentialAction":[{"@type":"ReadAction","target":["https:\/\/www.mexxtremotours.com\/es\/tours-riviera-maya\/tour-atv-and-secret-caves\/"]}]},{"@type":"BreadcrumbList","@id":"https:\/\/www.mexxtremotours.com\/es\/tours-riviera-maya\/tour-atv-and-secret-caves\/#breadcrumb","itemListElement":[{"@type":"ListItem","position":1,"name":"Home","item":"https:\/\/www.mexxtremotours.com\/es\/"},{"@type":"ListItem","position":2,"name":"Shop","item":"https:\/\/www.mexxtremotours.com\/shop\/"},{"@type":"ListItem","position":3,"name":"TOUR ATV AND SECRET CAVES"}]},{"@type":"WebSite","@id":"https:\/\/www.mexxtremotours.com\/#website","url":"https:\/\/www.mexxtremotours.com\/","name":"Mexxtremo Adventures","description":"Adventure Tours Riviera Maya","publisher":{"@id":"https:\/\/www.mexxtremotours.com\/#organization"},"potentialAction":[{"@type":"SearchAction","target":{"@type":"EntryPoint","urlTemplate":"https:\/\/www.mexxtremotours.com\/?s={search_term_string}"},"query-input":"required name=search_term_string"}],"inLanguage":"es"},{"@type":"Organization","@id":"https:\/\/www.mexxtremotours.com\/#organization","name":"MEXXTREMO ADVENTURES","url":"https:\/\/www.mexxtremotours.com\/","logo":{"@type":"ImageObject","inLanguage":"es","@id":"https:\/\/www.mexxtremotours.com\/#\/schema\/logo\/image\/","url":"","contentUrl":"","caption":"MEXXTREMO ADVENTURES"},"image":{"@id":"https:\/\/www.mexxtremotours.com\/#\/schema\/logo\/image\/"},"sameAs":["https:\/\/www.facebook.com\/atvtourplayadelcarmenjungleadventures\/","https:\/\/www.instagram.com\/mexxtremoadventures_tours\/"]}]}},"_links":{"self":[{"href":"https:\/\/www.mexxtremotours.com\/es\/wp-json\/wp\/v2\/product\/8256","targetHints":{"allow":["GET"]}}],"collection":[{"href":"https:\/\/www.mexxtremotours.com\/es\/wp-json\/wp\/v2\/product"}],"about":[{"href":"https:\/\/www.mexxtremotours.com\/es\/wp-json\/wp\/v2\/types\/product"}],"wp:featuredmedia":[{"embeddable":true,"href":"https:\/\/www.mexxtremotours.com\/es\/wp-json\/wp\/v2\/media\/11178"}],"wp:attachment":[{"href":"https:\/\/www.mexxtremotours.com\/es\/wp-json\/wp\/v2\/media?parent=8256"}],"wp:term":[{"taxonomy":"product_brand","embeddable":true,"href":"https:\/\/www.mexxtremotours.com\/es\/wp-json\/wp\/v2\/product_brand?post=8256"},{"taxonomy":"product_cat","embeddable":true,"href":"https:\/\/www.mexxtremotours.com\/es\/wp-json\/wp\/v2\/product_cat?post=8256"},{"taxonomy":"product_tag","embeddable":true,"href":"https:\/\/www.mexxtremotours.com\/es\/wp-json\/wp\/v2\/product_tag?post=8256"}],"curies":[{"name":"wp","href":"https:\/\/api.w.org\/{rel}","templated":true}]}}