{"id":8216,"date":"2020-01-29T17:33:58","date_gmt":"2020-01-29T17:33:58","guid":{"rendered":"https:\/\/www.mexxtremotours.com\/tours-riviera-maya\/tour-underworld\/"},"modified":"2023-02-07T18:34:51","modified_gmt":"2023-02-07T18:34:51","slug":"tour-underworld","status":"publish","type":"product","link":"https:\/\/www.mexxtremotours.com\/es\/tours-riviera-maya\/tour-underworld\/","title":{"rendered":"TOUR UNDERWORLD"},"content":{"rendered":"<section class=\"wpb-content-wrapper\"><p>[vc_row enable_overlay=\u00bbenable_overlay_value\u00bb overlay_color=\u00bbrgba(255,255,255,0.56)\u00bb][vc_column el_align=\u00bbleft\u00bb][vc_custom_heading text=\u00bbTOUR UNDERWORLD\u00bb font_container=\u00bbtag:h1|font_size:40|text_align:left|color:%23063f11|line_height:1&#8243; google_fonts=\u00bbfont_family:Montserrat%3Aregular%2C700|font_style:700%20bold%20regular%3A700%3Anormal\u00bb][vc_column_text]<\/p>\n<h2 style=\"text-align: left; font-size: 25px; line-height: 1.5; font-weight: 400; font-family: Montserrat;\">INCRE\u00cdBLES ESTALACTITAS, ESTALAGMITAS Y CENOTES CRISTALINOS. UN MUNDO SUBTERR\u00c1NEO TE DEJAR\u00c1 SIN ALIENTO EN ESTA AVENTURA DEL INFRAMUNDO MAYA!<\/h2>\n<p>[\/vc_column_text]<div class='dt-sc-hr-invisible-xsmall '> <\/div>[vc_row_inner][vc_column_inner offset=\u00bbvc_hidden-lg\u00bb]<div class='dt-sc-toggle-group-set type2 '><div class=\"dt-sc-toggle-frame\">\t<h5 class='dt-sc-toggle'><a href='#'>DESCRIPCI\u00d3N<\/a><\/h5>\t<div class=\"dt-sc-toggle-content\" style=\"display: none;\">\t\t<div class=\"block\">Prep\u00e1rate para explorar el que los Mayas llaman \u201cInframundo\u201d o \u201cXibalba\u201d con el Tour Underworld. Esta maravillosa experiencia te llevar\u00e1 a conocer el incre\u00edble <strong>mundo de las Cuevas de los cenotes y sus r\u00edos subterr\u00e1neos<\/strong>. Descubre con nosotros el <strong>sagrado mundo de los Maya<\/strong> y deja tu ofrenda a sus guardianes llamados \u201cAluxes\u201d.<\/p>\n<p>Nuestros gu\u00edas te acompa\u00f1ar\u00e1n a trav\u00e9s de <strong>senderos en la jungla<\/strong> hasta alcanzar una de las entradas del sistema de cuevas. Aqu\u00ed encontraremos el R\u00edo Subterr\u00e1neo con <strong>impresionantes cenotes de agua cristalina y un n\u00famero incontable de estalactitas y estalagmitas<\/strong>. Disfrutar\u00e1s de espectaculares formaciones rocosas, f\u00f3siles de crust\u00e1ceos y arrecifes, mientras que nuestros gu\u00edas nos hablar\u00e1n sobre su creaci\u00f3n y or\u00edgenes.<\/p>\n<p>La caminada en las cuevas dura alrededor de 2 horas. El sendero est\u00e1 bien marcado con lineas blancas y nos llevar\u00e1 a trav\u00e9s de t\u00faneles y b\u00f3vedas hasta llegar al <strong>cenote principal, iluminado por luz natural y artificial<\/strong>. Este m\u00e1gico y absolutamente poco convencional lugar tiene tambi\u00e9n un \u00e1rea con aguas poco profundas. Aqu\u00ed, los ni\u00f1os pueden disfrutar de un ba\u00f1o y los adultos pueden entrar en la parte m\u00e1s profunda de la cueva para seguir explorando. \u00a1Te quedar\u00e1s impactado por esta excursi\u00f3n!\t\t<\/div>\t<\/div><\/div><div class=\"dt-sc-toggle-frame\">\t<h5 class='dt-sc-toggle'><a href='#'>INCLUYE<\/a><\/h5>\t<div class=\"dt-sc-toggle-content\" style=\"display: none;\">\t\t<div class=\"block\">El Tour Underworld incluye:<\/p>\n<ul>\n<li>Transportaci\u00f3n (desde el centro de Playa del Carmen o Playacar)<\/li>\n<li>Entrada al Parque y Cenote<\/li>\n<li>Casco, antorcha, zapatos especificos para caminar en r\u00edos subterr\u00e1neos<\/li>\n<li>Gu\u00eda experto<\/li>\n<li>Botella de agua y shot de Tequila<\/li>\n<li>Chaleco salvavida<\/li>\n<li>Seguro m\u00e9dico<\/li>\n<\/ul>\t\t<\/div>\t<\/div><\/div><div class=\"dt-sc-toggle-frame\">\t<h5 class='dt-sc-toggle'><a href='#'>NO INCLUYE<\/a><\/h5>\t<div class=\"dt-sc-toggle-content\" style=\"display: none;\">\t\t<div class=\"block\">El Tour Underworld <strong>no<\/strong> incluye:<\/p>\n<ul>\n<li>Transportaci\u00f3n (de $5 a $25 usd dependiendo de tu ubicaci\u00f3n)<\/li>\n<li>Set de fotos digitales (50 usd para 2 personas)<\/li>\n<li>Comida<\/li>\n<li>Traje de neopreno (10 usd)<\/li>\n<\/ul>\t\t<\/div>\t<\/div><\/div><div class=\"dt-sc-toggle-frame\">\t<h5 class='dt-sc-toggle'><a href='#'>TIPS<\/a><\/h5>\t<div class=\"dt-sc-toggle-content\" style=\"display: none;\">\t\t<div class=\"block\">Para el Tour Underworld te recomendamos llevar:<\/p>\n<ul>\n<li>Toalla<\/li>\n<li>Traje de ba\u00f1o<\/li>\n<li>Cambio de ropa<\/li>\n<li>Dinero extra<\/li>\n<li>GoPro con los accesorios necesarios, manos libres<\/li>\n<\/ul>\t\t<\/div>\t<\/div><\/div><div class=\"dt-sc-toggle-frame\">\t<h5 class='dt-sc-toggle'><a href='#'>RESTRICCIONES<\/a><\/h5>\t<div class=\"dt-sc-toggle-content\" style=\"display: none;\">\t\t<div class=\"block\">Estas son nuestras pol\u00edticas de restricciones para garantizar una experiencia segura:<\/p>\n<ul>\n<li>No personas borrachas<\/li>\n<li>No ni\u00f1os con menos de 5 a\u00f1os<\/li>\n<li>No se permite recoger piedras de los r\u00edos subterr\u00e1neos<\/li>\n<li>No se permite tocar Not to touch stalagctitas y estalagmitas .<\/li>\n<li>No se permite usar c\u00e1mara o tel\u00e9fonos<\/li>\n<\/ul>\t\t<\/div>\t<\/div><\/div><\/div><div class=\"ult-spacer spacer-69e7b162556dc\" data-id=\"69e7b162556dc\" data-height=\"10\" data-height-mobile=\"30\" data-height-tab=\"30\" data-height-tab-portrait=\"30\" data-height-mobile-landscape=\"30\" style=\"clear:both;display:block;\"><\/div>[\/vc_column_inner][\/vc_row_inner][\/vc_column][\/vc_row][vc_row enable_overlay=\u00bbenable_overlay_value\u00bb overlay_color=\u00bbrgba(255,255,255,0.56)\u00bb][vc_column el_align=\u00bbleft\u00bb offset=\u00bbvc_hidden-md vc_hidden-sm vc_hidden-xs\u00bb]<div class='dt-sc-tabs-horizontal-frame-container type5'><ul class='dt-sc-tabs-horizontal-frame'><li><a href=\"javascript:void(0);\">DESCRIPCI\u00d3N<\/a><\/li><li><a href=\"javascript:void(0);\">INCLUYE<\/a><\/li><li><a href=\"javascript:void(0);\">NO INCLUYE<\/a><\/li><li><a href=\"javascript:void(0);\">TIPS<\/a><\/li><li><a href=\"javascript:void(0);\">RESTRICCIONES<\/a><\/li><\/ul><div class='dt-sc-tabs-horizontal-frame-content'>[vc_column_text css=\u00bb.vc_custom_1582061737503{margin-bottom: 10px !important;}\u00bb]<\/p>\n<p style=\"text-align: left; font-size: 18px; line-height: 1.5; font-weight: 400; font-family: Open Sans;\">Prep\u00e1rate para explorar el que los Mayas llaman \u201cInframundo\u201d o \u201cXibalba\u201d con el Tour Underworld. Esta maravillosa experiencia te llevar\u00e1 a conocer el incre\u00edble <strong>mundo de las Cuevas de los cenotes y sus r\u00edos subterr\u00e1neos<\/strong>. Descubre con nosotros el <strong>sagrado mundo de los Maya<\/strong> y deja tu ofrenda a sus guardianes llamados \u201cAluxes\u201d.<\/p>\n<p style=\"text-align: left; font-size: 18px; line-height: 1.5; font-weight: 400; font-family: Open Sans;\">Nuestros gu\u00edas te acompa\u00f1ar\u00e1n a trav\u00e9s de <strong>senderos en la jungla<\/strong> hasta alcanzar una de las entradas del sistema de cuevas. Aqu\u00ed encontraremos el R\u00edo Subterr\u00e1neo con <strong>impresionantes cenotes de agua cristalina y un n\u00famero incontable de estalactitas y estalagmitas<\/strong>. Disfrutar\u00e1s de espectaculares formaciones rocosas, f\u00f3siles de crust\u00e1ceos y arrecifes, mientras que nuestros gu\u00edas nos hablar\u00e1n sobre su creaci\u00f3n y or\u00edgenes.<\/p>\n<p style=\"text-align: left; font-size: 18px; line-height: 1.5; font-weight: 400; font-family: Open Sans;\">La caminada en las cuevas dura alrededor de 2 horas. El sendero est\u00e1 bien marcado con lineas blancas y nos llevar\u00e1 a trav\u00e9s de t\u00faneles y b\u00f3vedas hasta llegar al <strong>cenote principal, iluminado por luz natural y artificial<\/strong>. Este m\u00e1gico y absolutamente poco convencional lugar tiene tambi\u00e9n un \u00e1rea con aguas poco profundas. Aqu\u00ed, los ni\u00f1os pueden disfrutar de un ba\u00f1o y los adultos pueden entrar en la parte m\u00e1s profunda de la cueva para seguir explorando. \u00a1Te quedar\u00e1s impactado por esta excursi\u00f3n!<\/p>\n<p>[\/vc_column_text]<\/div><div class='dt-sc-tabs-horizontal-frame-content'>[vc_column_text css=\u00bb.vc_custom_1668452554191{margin-bottom: 10px !important;}\u00bb]<\/p>\n<p style=\"text-align: left; font-size: 18px; line-height: 1.5; font-weight: 400; font-family: Open Sans;\">El Tour Underworld incluye:<\/p>\n<ul>\n<li>Transportaci\u00f3n (desde el centro de Playa del Carmen o Playacar)<\/li>\n<li>Entrada al Parque y Cenote<\/li>\n<li>Casco, antorcha, zapatos especificos para caminar en r\u00edos subterr\u00e1neos<\/li>\n<li>Gu\u00eda experto<\/li>\n<li>Botella de agua y shot de Tequila<\/li>\n<li>Chaleco salvavida<\/li>\n<li>Seguro m\u00e9dico<\/li>\n<\/ul>\n<p>[\/vc_column_text]<\/div><div class='dt-sc-tabs-horizontal-frame-content'>[vc_column_text css=\u00bb.vc_custom_1668452574454{margin-bottom: 10px !important;}\u00bb]<\/p>\n<p style=\"text-align: left; font-size: 18px; line-height: 1.5; font-weight: 400; font-family: Open Sans;\">El Tour Underworld <strong>no<\/strong> incluye:<\/p>\n<ul>\n<li>Transportaci\u00f3n (de $5 a $25 usd dependiendo de tu ubicaci\u00f3n)<\/li>\n<li>Set de fotos digitales (50 usd para 2 personas)<\/li>\n<li>Comida<\/li>\n<li>Traje de neopreno (10 usd)<\/li>\n<\/ul>\n<p>[\/vc_column_text]<\/div><div class='dt-sc-tabs-horizontal-frame-content'>[vc_column_text css=\u00bb.vc_custom_1582058851282{margin-bottom: 10px !important;}\u00bb]<\/p>\n<p style=\"text-align: left; font-size: 18px; line-height: 1.5; font-weight: 400; font-family: Open Sans;\">Para el Tour Underworld te recomendamos llevar:<\/p>\n<ul>\n<li>Toalla<\/li>\n<li>Traje de ba\u00f1o<\/li>\n<li>Cambio de ropa<\/li>\n<li>Dinero extra<\/li>\n<li>GoPro con los accesorios necesarios, manos libres<\/li>\n<\/ul>\n<p>[\/vc_column_text]<\/div><div class='dt-sc-tabs-horizontal-frame-content'>[vc_column_text]<\/p>\n<p style=\"text-align: left; font-size: 18px; line-height: 1.5; font-weight: 400; font-family: Open Sans;\">Estas son nuestras pol\u00edticas de restricciones para garantizar una experiencia segura:<\/p>\n<ul>\n<li>No personas borrachas<\/li>\n<li>No ni\u00f1os con menos de 5 a\u00f1os<\/li>\n<li>No se permite recoger piedras de los r\u00edos subterr\u00e1neos<\/li>\n<li>No se permite tocar Not to touch stalagctitas y estalagmitas .<\/li>\n<li>No se permite usar c\u00e1mara o tel\u00e9fonos<\/li>\n<\/ul>\n<p>[\/vc_column_text]<\/div><\/div>[\/vc_column][\/vc_row][vc_row enable_overlay=\u00bbenable_overlay_value\u00bb overlay_color=\u00bbrgba(255,255,255,0.56)\u00bb][vc_column offset=\u00bbvc_hidden-md vc_hidden-sm vc_hidden-xs\u00bb]<div class='dt-sc-hr-invisible-small '> <\/div><div class='dt-sc-hr-invisible-small '> <\/div>[\/vc_column][\/vc_row]<\/p>\n<\/section>","protected":false},"excerpt":{"rendered":"[ultimate_spacer height=\"10\"]\n<h3 style=\"text-align: center; font-size: 30px; line-height: 1.5; font-weight: 400; color: #ffffff; font-family: Montserrat;\">\u00a1RESERVA EL TOUR!<\/h3>\n<p style=\"text-align: center; font-size: 18px; line-height: 1.5; font-weight: 400; color: #ffffff; font-family: Open Sans;\">Adultos: $75 usd<br \/>\nNi\u00f1os: $50 usd<\/p>\n[ultimate_spacer height=\"10\"]\n","protected":false},"featured_media":11154,"template":"","meta":{"_joinchat":[]},"product_brand":[],"product_cat":[43],"product_tag":[],"class_list":{"0":"post-8216","1":"product","2":"type-product","3":"status-publish","4":"has-post-thumbnail","6":"product_cat-tour-underworld-es","8":"first","9":"instock","10":"virtual","11":"sold-individually","12":"purchasable","13":"product-type-booking"},"yoast_head":"<!-- This site is optimized with the Yoast SEO plugin v20.12 - https:\/\/yoast.com\/wordpress\/plugins\/seo\/ -->\n<title>TOUR UNDERWORLD - Tours de Aventura - Mexxtremo Adventures<\/title>\n<meta name=\"description\" content=\"Tour Underworld. Incre\u00edbles estalactitas, estalagmitas y cenotes cristalinos. Explorar\u00e1s un mundo subterr\u00e1neo que te dejar\u00e1 impactado en esta aventura Maya.\" \/>\n<meta name=\"robots\" content=\"index, follow, max-snippet:-1, max-image-preview:large, max-video-preview:-1\" \/>\n<link rel=\"canonical\" href=\"https:\/\/www.mexxtremotours.com\/es\/tours-riviera-maya\/tour-underworld\/\" \/>\n<meta property=\"og:locale\" content=\"es_ES\" \/>\n<meta property=\"og:type\" content=\"article\" \/>\n<meta property=\"og:title\" content=\"Tour Underworld - Tours Riviera Maya - Mexxtremo Adventures\" \/>\n<meta property=\"og:description\" content=\"Tour Underworld. Incre\u00edbles estalactitas, estalagmitas y cenotes cristalinos. Explorar\u00e1s un mundo subterr\u00e1neo que te dejar\u00e1 impactado en esta aventura Maya.\" \/>\n<meta property=\"og:url\" content=\"https:\/\/www.mexxtremotours.com\/es\/tours-riviera-maya\/tour-underworld\/\" \/>\n<meta property=\"og:site_name\" content=\"Mexxtremo Adventures\" \/>\n<meta property=\"article:publisher\" content=\"https:\/\/www.facebook.com\/atvtourplayadelcarmenjungleadventures\/\" \/>\n<meta property=\"article:modified_time\" content=\"2023-02-07T18:34:51+00:00\" \/>\n<meta property=\"og:image\" content=\"https:\/\/www.mexxtremotours.com\/wp-content\/uploads\/2020\/01\/UNDERWORLD-TOUR-5-MEXXTREMO-700X500.jpg\" \/>\n\t<meta property=\"og:image:width\" content=\"700\" \/>\n\t<meta property=\"og:image:height\" content=\"500\" \/>\n\t<meta property=\"og:image:type\" content=\"image\/jpeg\" \/>\n<meta name=\"twitter:card\" content=\"summary_large_image\" \/>\n<meta name=\"twitter:label1\" content=\"Tiempo de lectura\" \/>\n\t<meta name=\"twitter:data1\" content=\"4 minutos\" \/>\n<script type=\"application\/ld+json\" class=\"yoast-schema-graph\">{\"@context\":\"https:\/\/schema.org\",\"@graph\":[{\"@type\":\"WebPage\",\"@id\":\"https:\/\/www.mexxtremotours.com\/es\/tours-riviera-maya\/tour-underworld\/\",\"url\":\"https:\/\/www.mexxtremotours.com\/es\/tours-riviera-maya\/tour-underworld\/\",\"name\":\"TOUR UNDERWORLD - Tours de Aventura - Mexxtremo Adventures\",\"isPartOf\":{\"@id\":\"https:\/\/www.mexxtremotours.com\/#website\"},\"datePublished\":\"2020-01-29T17:33:58+00:00\",\"dateModified\":\"2023-02-07T18:34:51+00:00\",\"description\":\"Tour Underworld. Incre\u00edbles estalactitas, estalagmitas y cenotes cristalinos. Explorar\u00e1s un mundo subterr\u00e1neo que te dejar\u00e1 impactado en esta aventura Maya.\",\"breadcrumb\":{\"@id\":\"https:\/\/www.mexxtremotours.com\/es\/tours-riviera-maya\/tour-underworld\/#breadcrumb\"},\"inLanguage\":\"es\",\"potentialAction\":[{\"@type\":\"ReadAction\",\"target\":[\"https:\/\/www.mexxtremotours.com\/es\/tours-riviera-maya\/tour-underworld\/\"]}]},{\"@type\":\"BreadcrumbList\",\"@id\":\"https:\/\/www.mexxtremotours.com\/es\/tours-riviera-maya\/tour-underworld\/#breadcrumb\",\"itemListElement\":[{\"@type\":\"ListItem\",\"position\":1,\"name\":\"Home\",\"item\":\"https:\/\/www.mexxtremotours.com\/es\/\"},{\"@type\":\"ListItem\",\"position\":2,\"name\":\"Shop\",\"item\":\"https:\/\/www.mexxtremotours.com\/shop\/\"},{\"@type\":\"ListItem\",\"position\":3,\"name\":\"TOUR UNDERWORLD\"}]},{\"@type\":\"WebSite\",\"@id\":\"https:\/\/www.mexxtremotours.com\/#website\",\"url\":\"https:\/\/www.mexxtremotours.com\/\",\"name\":\"Mexxtremo Adventures\",\"description\":\"Adventure Tours Riviera Maya\",\"publisher\":{\"@id\":\"https:\/\/www.mexxtremotours.com\/#organization\"},\"potentialAction\":[{\"@type\":\"SearchAction\",\"target\":{\"@type\":\"EntryPoint\",\"urlTemplate\":\"https:\/\/www.mexxtremotours.com\/?s={search_term_string}\"},\"query-input\":\"required name=search_term_string\"}],\"inLanguage\":\"es\"},{\"@type\":\"Organization\",\"@id\":\"https:\/\/www.mexxtremotours.com\/#organization\",\"name\":\"MEXXTREMO ADVENTURES\",\"url\":\"https:\/\/www.mexxtremotours.com\/\",\"logo\":{\"@type\":\"ImageObject\",\"inLanguage\":\"es\",\"@id\":\"https:\/\/www.mexxtremotours.com\/#\/schema\/logo\/image\/\",\"url\":\"\",\"contentUrl\":\"\",\"caption\":\"MEXXTREMO ADVENTURES\"},\"image\":{\"@id\":\"https:\/\/www.mexxtremotours.com\/#\/schema\/logo\/image\/\"},\"sameAs\":[\"https:\/\/www.facebook.com\/atvtourplayadelcarmenjungleadventures\/\",\"https:\/\/www.instagram.com\/mexxtremoadventures_tours\/\"]}]}<\/script>\n<!-- \/ Yoast SEO plugin. -->","yoast_head_json":{"title":"TOUR UNDERWORLD - Tours de Aventura - Mexxtremo Adventures","description":"Tour Underworld. Incre\u00edbles estalactitas, estalagmitas y cenotes cristalinos. Explorar\u00e1s un mundo subterr\u00e1neo que te dejar\u00e1 impactado en esta aventura Maya.","robots":{"index":"index","follow":"follow","max-snippet":"max-snippet:-1","max-image-preview":"max-image-preview:large","max-video-preview":"max-video-preview:-1"},"canonical":"https:\/\/www.mexxtremotours.com\/es\/tours-riviera-maya\/tour-underworld\/","og_locale":"es_ES","og_type":"article","og_title":"Tour Underworld - Tours Riviera Maya - Mexxtremo Adventures","og_description":"Tour Underworld. Incre\u00edbles estalactitas, estalagmitas y cenotes cristalinos. Explorar\u00e1s un mundo subterr\u00e1neo que te dejar\u00e1 impactado en esta aventura Maya.","og_url":"https:\/\/www.mexxtremotours.com\/es\/tours-riviera-maya\/tour-underworld\/","og_site_name":"Mexxtremo Adventures","article_publisher":"https:\/\/www.facebook.com\/atvtourplayadelcarmenjungleadventures\/","article_modified_time":"2023-02-07T18:34:51+00:00","og_image":[{"width":700,"height":500,"url":"https:\/\/www.mexxtremotours.com\/wp-content\/uploads\/2020\/01\/UNDERWORLD-TOUR-5-MEXXTREMO-700X500.jpg","type":"image\/jpeg"}],"twitter_card":"summary_large_image","twitter_misc":{"Tiempo de lectura":"4 minutos"},"schema":{"@context":"https:\/\/schema.org","@graph":[{"@type":"WebPage","@id":"https:\/\/www.mexxtremotours.com\/es\/tours-riviera-maya\/tour-underworld\/","url":"https:\/\/www.mexxtremotours.com\/es\/tours-riviera-maya\/tour-underworld\/","name":"TOUR UNDERWORLD - Tours de Aventura - Mexxtremo Adventures","isPartOf":{"@id":"https:\/\/www.mexxtremotours.com\/#website"},"datePublished":"2020-01-29T17:33:58+00:00","dateModified":"2023-02-07T18:34:51+00:00","description":"Tour Underworld. Incre\u00edbles estalactitas, estalagmitas y cenotes cristalinos. Explorar\u00e1s un mundo subterr\u00e1neo que te dejar\u00e1 impactado en esta aventura Maya.","breadcrumb":{"@id":"https:\/\/www.mexxtremotours.com\/es\/tours-riviera-maya\/tour-underworld\/#breadcrumb"},"inLanguage":"es","potentialAction":[{"@type":"ReadAction","target":["https:\/\/www.mexxtremotours.com\/es\/tours-riviera-maya\/tour-underworld\/"]}]},{"@type":"BreadcrumbList","@id":"https:\/\/www.mexxtremotours.com\/es\/tours-riviera-maya\/tour-underworld\/#breadcrumb","itemListElement":[{"@type":"ListItem","position":1,"name":"Home","item":"https:\/\/www.mexxtremotours.com\/es\/"},{"@type":"ListItem","position":2,"name":"Shop","item":"https:\/\/www.mexxtremotours.com\/shop\/"},{"@type":"ListItem","position":3,"name":"TOUR UNDERWORLD"}]},{"@type":"WebSite","@id":"https:\/\/www.mexxtremotours.com\/#website","url":"https:\/\/www.mexxtremotours.com\/","name":"Mexxtremo Adventures","description":"Adventure Tours Riviera Maya","publisher":{"@id":"https:\/\/www.mexxtremotours.com\/#organization"},"potentialAction":[{"@type":"SearchAction","target":{"@type":"EntryPoint","urlTemplate":"https:\/\/www.mexxtremotours.com\/?s={search_term_string}"},"query-input":"required name=search_term_string"}],"inLanguage":"es"},{"@type":"Organization","@id":"https:\/\/www.mexxtremotours.com\/#organization","name":"MEXXTREMO ADVENTURES","url":"https:\/\/www.mexxtremotours.com\/","logo":{"@type":"ImageObject","inLanguage":"es","@id":"https:\/\/www.mexxtremotours.com\/#\/schema\/logo\/image\/","url":"","contentUrl":"","caption":"MEXXTREMO ADVENTURES"},"image":{"@id":"https:\/\/www.mexxtremotours.com\/#\/schema\/logo\/image\/"},"sameAs":["https:\/\/www.facebook.com\/atvtourplayadelcarmenjungleadventures\/","https:\/\/www.instagram.com\/mexxtremoadventures_tours\/"]}]}},"_links":{"self":[{"href":"https:\/\/www.mexxtremotours.com\/es\/wp-json\/wp\/v2\/product\/8216","targetHints":{"allow":["GET"]}}],"collection":[{"href":"https:\/\/www.mexxtremotours.com\/es\/wp-json\/wp\/v2\/product"}],"about":[{"href":"https:\/\/www.mexxtremotours.com\/es\/wp-json\/wp\/v2\/types\/product"}],"wp:featuredmedia":[{"embeddable":true,"href":"https:\/\/www.mexxtremotours.com\/es\/wp-json\/wp\/v2\/media\/11154"}],"wp:attachment":[{"href":"https:\/\/www.mexxtremotours.com\/es\/wp-json\/wp\/v2\/media?parent=8216"}],"wp:term":[{"taxonomy":"product_brand","embeddable":true,"href":"https:\/\/www.mexxtremotours.com\/es\/wp-json\/wp\/v2\/product_brand?post=8216"},{"taxonomy":"product_cat","embeddable":true,"href":"https:\/\/www.mexxtremotours.com\/es\/wp-json\/wp\/v2\/product_cat?post=8216"},{"taxonomy":"product_tag","embeddable":true,"href":"https:\/\/www.mexxtremotours.com\/es\/wp-json\/wp\/v2\/product_tag?post=8216"}],"curies":[{"name":"wp","href":"https:\/\/api.w.org\/{rel}","templated":true}]}}